{"id":120,"date":"2024-06-21T11:22:39","date_gmt":"2024-06-21T11:22:39","guid":{"rendered":"https:\/\/mi-asistencia-carretera.com\/?page_id=120"},"modified":"2024-07-30T13:06:42","modified_gmt":"2024-07-30T13:06:42","slug":"politica-de-privacidad","status":"publish","type":"page","link":"https:\/\/mi-asistencia-carretera.com\/?page_id=120","title":{"rendered":"Pol\u00edtica de Privacidad"},"content":{"rendered":"\t\t<div data-elementor-type=\"wp-page\" data-elementor-id=\"120\" class=\"elementor elementor-120\" data-elementor-post-type=\"page\">\n\t\t\t\t\t\t<section class=\"elementor-section elementor-top-section elementor-element elementor-element-1ce9840a elementor-section-boxed elementor-section-height-default elementor-section-height-default\" data-id=\"1ce9840a\" data-element_type=\"section\" data-settings=\"{&quot;background_background&quot;:&quot;classic&quot;}\">\n\t\t\t\t\t\t\t<div class=\"elementor-background-overlay\"><\/div>\n\t\t\t\t\t\t\t<div class=\"elementor-container elementor-column-gap-default\">\n\t\t\t\t\t<div class=\"elementor-column elementor-col-100 elementor-top-column elementor-element elementor-element-4e202184\" data-id=\"4e202184\" data-element_type=\"column\">\n\t\t\t<div class=\"elementor-widget-wrap elementor-element-populated\">\n\t\t\t\t\t\t<div class=\"elementor-element elementor-element-394d05b4 elementor-invisible elementor-widget elementor-widget-heading\" data-id=\"394d05b4\" data-element_type=\"widget\" data-settings=\"{&quot;_animation&quot;:&quot;fadeInUp&quot;}\" data-widget_type=\"heading.default\">\n\t\t\t\t<div class=\"elementor-widget-container\">\n\t\t\t<style>\/*! elementor - v3.21.0 - 08-05-2024 *\/\n.elementor-heading-title{padding:0;margin:0;line-height:1}.elementor-widget-heading .elementor-heading-title[class*=elementor-size-]>a{color:inherit;font-size:inherit;line-height:inherit}.elementor-widget-heading .elementor-heading-title.elementor-size-small{font-size:15px}.elementor-widget-heading .elementor-heading-title.elementor-size-medium{font-size:19px}.elementor-widget-heading .elementor-heading-title.elementor-size-large{font-size:29px}.elementor-widget-heading .elementor-heading-title.elementor-size-xl{font-size:39px}.elementor-widget-heading .elementor-heading-title.elementor-size-xxl{font-size:59px}<\/style><h1 class=\"elementor-heading-title elementor-size-default\">Pol\u00edtica de Privacidad<\/h1>\t\t<\/div>\n\t\t\t\t<\/div>\n\t\t\t\t\t<\/div>\n\t\t<\/div>\n\t\t\t\t\t<\/div>\n\t\t<\/section>\n\t\t<div class=\"elementor-element elementor-element-e06f2c3 e-flex e-con-boxed e-con e-parent\" data-id=\"e06f2c3\" data-element_type=\"container\">\n\t\t\t\t\t<div class=\"e-con-inner\">\n\t\t\t\t<div class=\"elementor-element elementor-element-af3b9e4 elementor-widget elementor-widget-text-editor\" data-id=\"af3b9e4\" data-element_type=\"widget\" data-widget_type=\"text-editor.default\">\n\t\t\t\t<div class=\"elementor-widget-container\">\n\t\t\t<style>\/*! elementor - v3.21.0 - 08-05-2024 *\/\n.elementor-widget-text-editor.elementor-drop-cap-view-stacked .elementor-drop-cap{background-color:#69727d;color:#fff}.elementor-widget-text-editor.elementor-drop-cap-view-framed .elementor-drop-cap{color:#69727d;border:3px solid;background-color:transparent}.elementor-widget-text-editor:not(.elementor-drop-cap-view-default) .elementor-drop-cap{margin-top:8px}.elementor-widget-text-editor:not(.elementor-drop-cap-view-default) .elementor-drop-cap-letter{width:1em;height:1em}.elementor-widget-text-editor .elementor-drop-cap{float:left;text-align:center;line-height:1;font-size:50px}.elementor-widget-text-editor .elementor-drop-cap-letter{display:inline-block}<\/style>\t\t\t\t<p class=\"p1\">Antes de utilizar nuestros servicios o funcionalidades es importante que leas esta Pol\u00edtica as\u00ed como las condiciones espec\u00edficas que regulan cada servicio o funcionalidad.<\/p><p class=\"p1\"><b>Objeto de la pol\u00edtica de privacidad<\/b><\/p><p class=\"p1\">La presente Pol\u00edtica de privacidad de mi-asistencia-carretera.com (en adelante, mi-asistencia-carretera.com) regula la obtenci\u00f3n, utilizaci\u00f3n y otras formas de procesamiento de datos personales facilitados u obtenidos con la autorizaci\u00f3n de los Usuarios y\/o Clientes en la presente web o en cualquier otro entorno de la entidad, digital o f\u00edsico.<\/p><p class=\"p1\">Al introducir los datos en alguno o algunos de los formularios de captaci\u00f3n de datos ya sea de forma digital o f\u00edsica est\u00e1s aceptando sus condiciones de uso y la pol\u00edtica de privacidad, dando por entendido que has sido informado de las condiciones de uso y aviso legal de las mismas.<\/p><p class=\"p1\">Le informamos que cada vez que nos facilite sus datos o sea necesario que accedamos a informaci\u00f3n que pudiera identificarte, como tu nombre, apellidos, correo electr\u00f3nico, direcci\u00f3n postal, n\u00famero de tel\u00e9fono, etc.; ya sea para navegar a trav\u00e9s de la web, comprar nuestros productos o hacer uso de nuestros servicios, estar\u00e1 bajo la aplicaci\u00f3n de esta Pol\u00edtica de Privacidad.<\/p><p class=\"p1\">mi-asistencia-carretera.com informa a los usuarios que cumple con la vigente normativa de protecci\u00f3n de datos, y con car\u00e1cter especial, con el Reglamento (UE) 2016\/679 del Parlamento Europeo y del Consejo de 27 de abril de 2016 relativo a la protecci\u00f3n de las personas f\u00edsicas en lo que respecta al tratamiento de datos personales y a la libre circulaci\u00f3n de estos datos.<\/p><p class=\"p1\">Todos los textos legales se encuentran a disposici\u00f3n de los Usuarios y\/o Clientes en la correspondiente web. Es importante que los leas ya que resultar\u00e1n aplicables aquellos que se encuentren vigentes en el momento de uso de nuestros servicios.<\/p><p class=\"p1\"><b>\u00bfQui\u00e9n es responsable del tratamiento de sus datos?<\/b><\/p><p class=\"p1\">mi-asistencia-carretera.com es el responsable de la recogida y procesamiento de sus datos personales en relaci\u00f3n con los servicios que la misma presta. mi-asistencia-carretera.com se compromete a respetar y salvaguardar su privacidad y la seguridad de sus datos. Los datos identificativos del responsable de tratamiento son: mi-asistencia-carretera.com, con domicilio social en CALLE DOCTOR ESQUERDO, 28 &#8211; PLT 1 E, 28028 Madrid, Espa\u00f1a.<\/p><p class=\"p1\"><b>\u00bfQu\u00e9 datos recogemos y de qu\u00e9 modo?<\/b><\/p><p class=\"p1\">Dependiendo de c\u00f3mo interact\u00faes con mi-asistencia-carretera.com (a trav\u00e9s de la web o entornos digitales, e-mail o por tel\u00e9fono, etc.) recogemos varios tipos de datos sobre tu persona que pueden identificarte directa o indirectamente, tal y como se describe a continuaci\u00f3n:<\/p><p class=\"p3\">\u2022<b>Informaci\u00f3n de contacto personal:<\/b> Con ello nos referimos a cualquier informaci\u00f3n que nos facilites para ponernos en contacto contigo como pueden ser tu nombre, direcci\u00f3n postal, direcci\u00f3n de correo electr\u00f3nico o tu n\u00famero de tel\u00e9fono.<\/p><p class=\"p3\">\u2022<b>Informaci\u00f3n de registro de la cuenta:<\/b> Esto es cualquier tipo de informaci\u00f3n que se requiera para la entrada en tu cuenta de usuario, como tu correo electr\u00f3nico o contrase\u00f1a guardada de forma encriptada e irrecuperable.<\/p><p class=\"p3\">\u2022<b>Informaci\u00f3n demogr\u00e1fica o de conducta:<\/b> Informaci\u00f3n que describe tus caracter\u00edsticas demogr\u00e1ficas o de conducta.<\/p><p class=\"p3\">\u2022<b>Informaci\u00f3n t\u00e9cnica sobre dispositivos inform\u00e1ticos\/m\u00f3viles:<\/b> Informaci\u00f3n sobre el sistema inform\u00e1tico u otro dispositivo tecnol\u00f3gico que utilice para acceder a nuestro sitio web tales como la direcci\u00f3n de protocolo de Internet (IP) utilizada para conectar tu ordenador o dispositivo a Internet, el tipo de sistema operativo y el tipo y la versi\u00f3n del navegador web.<\/p><p class=\"p3\">\u2022<b>Sitios web\/informaci\u00f3n usual sobre comunicaciones:<\/b> Mientras navegues e interact\u00faes con nuestro sitio web, podemos usar tecnolog\u00edas de recogida de datos autom\u00e1ticas para recoger determinada informaci\u00f3n sobre tus acciones. Esto incluye informaci\u00f3n como los v\u00ednculos en los que haces clic, las p\u00e1ginas o contenidos que visualizas y durante cu\u00e1nto tiempo y otra informaci\u00f3n y estad\u00edsticas similares sobre tus interacciones, como los tiempos de respuesta del contenido, errores de descarga y duraci\u00f3n de las visitas a determinadas p\u00e1ginas. Esta informaci\u00f3n se captura utilizando tecnolog\u00edas automatizadas como cookies y tambi\u00e9n se recoge mediante el uso de servicios de seguimiento de terceros (como Google Analytics).<\/p><p class=\"p1\">La aceptaci\u00f3n al tratamiento de tus datos personales tiene siempre car\u00e1cter revocable; si bien, en determinados casos, en caso de oponerte y no autorizar el tratamiento de tus datos personales, no podremos prestarte determinadas funcionalidades o servicios.<\/p><p class=\"p1\"><b>\u00bfCon qu\u00e9 finalidad\/es recopilamos sus datos?<\/b><\/p><p class=\"p1\">Podemos tratar tus datos para diferentes finalidades. Utilizamos tus datos, por ejemplo, cu\u00e1ndo:<\/p><p class=\"p3\">\u2022Te registres en nuestra web<\/p><p class=\"p3\">\u2022Realices una compra online<\/p><p class=\"p3\">\u2022Contactes con nuestro Servicio de Atenci\u00f3n al Cliente<\/p><p class=\"p3\">\u2022Presentes una reclamaci\u00f3n, sugerencia o queja<\/p><p class=\"p1\"><b>\u00bfA qu\u00e9 destinatarios se comunicar\u00e1n sus datos?<\/b><\/p><p class=\"p1\">Con el objetivo de obtener la plena satisfacci\u00f3n de nuestros clientes, te informamos que todos los datos que nos has proporcionado y los que nos facilites ser\u00e1n tratados con la m\u00e1xima confidencialidad. Tus datos podr\u00e1n ser comunicados a terceros de confianza con el fin de proveerte un mejor servicio.<\/p><p class=\"p1\">Estos terceros pueden ser:<\/p><p class=\"p3\">\u2022Terceros que nos ayudan a proporcionar servicios tecnol\u00f3gicos, como proveedores de plataforma, servicios de alojamiento, mantenimiento y soporte en nuestras bases de datos, as\u00ed como en nuestro software y aplicaciones que pueden contener datos sobre ti.<\/p><p class=\"p3\">\u2022Terceros que nos ayudan a proporcionar servicios digitales y de comercio electr\u00f3nico como an\u00e1lisis web y motor de b\u00fasqueda.<\/p><p class=\"p1\">En caso de utilizar empresas no pertenecientes al Espacio Econ\u00f3mico Europeo (EEE), solo utilizaremos empresas que ofrezcan suficiente protecci\u00f3n de acuerdo con la legislaci\u00f3n europea, tales como, por ejemplo, proveedores ubicados en USA que se hayan adherido a \u201cPrivacy Shield\u201d. No cedemos tus datos a terceros salvo nos hayas autorizado o estemos obligados por Ley.<\/p><p class=\"p1\"><b>\u00bfDurante cu\u00e1nto tiempo conservamos sus datos personales?<\/b><\/p><p class=\"p1\">Los datos personales ser\u00e1n conservados mientras el usuario no manifieste lo contrario y por los plazos de conservaci\u00f3n legalmente establecidos, salvo que por motivos l\u00f3gicos y evidentes hayan perdido la utilidad o la finalidad leg\u00edtima para la que fueron captados.<\/p><p class=\"p1\"><b>\u00bfCu\u00e1les son los derechos de los usuarios que nos facilitan sus datos?<\/b><\/p><p class=\"p1\">Los usuarios podr\u00e1n ejercitar, respecto de los datos recabados en la forma descrita en el punto primero, los derechos reconocidos en el Reglamento General de Protecci\u00f3n de Datos, y en particular los derechos de portabilidad, acceso, rectificaci\u00f3n, supresi\u00f3n y limitaci\u00f3n al tratamiento.<\/p><p class=\"p1\">Los derechos referidos en el p\u00e1rrafo precedente podr\u00e1n ejercitarse por cada usuario mediante solicitud por correo electr\u00f3nico a la direcci\u00f3n info@mi-asistencia-carretera.com. Asimismo, se hace saber a los usuarios que pueden retirar el consentimiento para el tratamiento de sus datos en cualquier momento.<\/p><p class=\"p1\"><b>Comunicaci\u00f3n de incidencia e irregularidades<\/b><\/p><p class=\"p1\">En caso de existir alguna conducta o situaci\u00f3n que pudiera ser susceptible de generar una incidencia o irregularidad de cualquier clase, contacta con info@mi-asistencia-carretera.com.<\/p><p class=\"p1\"><b>Contacto<\/b><\/p><p class=\"p1\">Si tiene cualquier duda o preocupaci\u00f3n acerca de la forma en que tratamos y usamos tus datos personales o deseas contactar con nuestro Delegado de Protecci\u00f3n de Datos, escr\u00edbenos a la siguiente direcci\u00f3n info@mi-asistencia-carretera.com.<\/p><p class=\"p1\"><b>Compromiso del usuario<\/b><\/p><p class=\"p1\">El usuario es el responsable de la autenticidad de los datos aportados, que sean exactos, actuales y completos para la finalidad que sean aportados, asumiendo la responsabilidad de los da\u00f1os y perjuicios, tanto por lucro cesante como por da\u00f1o emergente, que se pudieran generar por dichas inexactitudes o falsedades. En todo caso, si los datos aportados en los correspondientes formularios fueran titular de un tercero, el usuario se hace \u00fanico responsable de la correcta captaci\u00f3n del consentimiento e informaci\u00f3n al tercero sobre los aspectos reflejados en el presente aviso legal y pol\u00edticas de privacidad.<\/p><p class=\"p1\"><b>Seguridad<\/b><\/p><p class=\"p1\">Nos comprometemos a proteger sus datos personales. Exigimos contractualmente que los terceros de confianza que tratan sus datos tambi\u00e9n lo hagan.<\/p><p class=\"p1\"><b>Responsabilidad de los usuarios por uso y contenido<\/b><\/p><p class=\"p1\">Tanto el acceso a nuestra web, como el uso que pueda realizarse de la informaci\u00f3n y contenidos incluidos en la misma, ser\u00e1n de exclusiva responsabilidad de quien lo realice. Por tanto, el uso que pueda hacerse de la informaci\u00f3n, im\u00e1genes, contenidos y\/o productos rese\u00f1ados y accesibles a trav\u00e9s del mismo, estar\u00e1 supeditada a la legalidad, sea nacional o internacional, aplicable, as\u00ed como a los principios de buena fe y uso l\u00edcito por parte de los usuarios, quienes ser\u00e1n enteramente responsables de dicho acceso y correcto uso. Los usuarios estar\u00e1n obligados a hacer un uso razonable de los servicios o contenidos, bajo el principio de buena fe y con respeto a la legalidad vigente, a la moral, al orden p\u00fablico, a las buenas costumbres, a los derechos de terceros o de la propia empresa, todo ello seg\u00fan las posibilidades y fines para los que est\u00e1n concebidos.<\/p><p class=\"p1\">mi-asistencia-carretera.com no asume responsabilidades, ya sean directas o indirectas, por da\u00f1o emergente o lucro cesante, derivadas del mal uso de los servicios o contenidos realizado por los Usuarios o terceros.<\/p><p class=\"p1\"><b>Informaci\u00f3n LSSI-CE<\/b><\/p><p class=\"p1\">En cumplimiento del deber de informaci\u00f3n contemplado en el art\u00edculo 10 de la vigente Ley 34\/2002, de 11 de julio, de Servicios de la Sociedad de la Informaci\u00f3n y de Comercio Electr\u00f3nico, le comunicamos que la dinamizadora y gestora de contenidos de la Web donde puede descargar diferentes aplicaciones y\/o informaciones es mi-asistencia-carretera.com, con domicilio social en CALLE DOCTOR ESQUERDO, 28 &#8211; PLT 1 E, 28028 Madrid, Espa\u00f1a y con la gesti\u00f3n de este dominio de Internet inscrito en el registro correspondiente, atendiendo a comunicaciones de los usuarios y\/o interesados a trav\u00e9s del correo info@mi-asistencia-carretera.com. Cualquier otra actividad comercial, mercantil, administrativa o de contrataci\u00f3n de bienes y\/o servicios es responsabilidad de la sociedad mencionada anteriormente, propietaria de este<\/p><p class=\"p1\">dominio.<\/p><p class=\"p1\"><b>Informaci\u00f3n sobre las cookies<\/b><\/p><p class=\"p1\">Le informamos que utilizamos cookies con el fin de mejorar la experiencia de navegaci\u00f3n en nuestra web y prestarle un mejor servicio. Para obtener m\u00e1s informaci\u00f3n acerca de las cookies y de c\u00f3mo las utilizamos, por favor lea nuestra pol\u00edtica de cookies.<\/p><p class=\"p1\"><b>Informaci\u00f3n sobre el uso de otras webs y redes sociales<\/b><\/p><p class=\"p1\">La empresa s\u00f3lo se hace responsable de los contenidos y de la gesti\u00f3n de las p\u00e1ginas web de la cual sea ella el titular u ostente un derecho de an\u00e1loga naturaleza. Cualquier otra p\u00e1gina web o red social o repositorio de informaci\u00f3n en Internet, fuera de la presente web, es responsabilidad de sus leg\u00edtimos titulares.<\/p><p class=\"p1\">mi-asistencia-carretera.com colabora de forma ordinaria con diferentes aplicaciones y entornos Web, y siempre recomienda a todos los usuarios que antes de acceder a dichos entornos web lean atentamente los correspondientes avisos legales y pol\u00edticas de privacidad, y que s\u00f3lo accedan a los mismos una vez hayan comprendido y aceptado en su totalidad dicho texto legal.<\/p><p class=\"p1\"><b>Cambios en la pol\u00edtica de privacidad<\/b><\/p><p class=\"p1\">mi-asistencia-carretera.com se reserva el derecho a cambiar esta pol\u00edtica en cualquier momento. Por favor, revisa la Pol\u00edtica de Privacidad con regularidad. mi-asistencia-carretera.com adoptar\u00e1 medidas razonables para notificarte cualquier cambio sustancial en nuestras pr\u00e1cticas de privacidad en relaci\u00f3n con el uso de la informaci\u00f3n que hayas suministrado a mi-asistencia-carretera.com.<\/p><p class=\"p1\"><b>Ley Aplicable y Jurisdicci\u00f3n<\/b><\/p><p class=\"p1\">Para la resoluci\u00f3n de todas las controversias o cuestiones relacionadas con el presente sitio web o de las actividades en \u00e9l desarrolladas, ser\u00e1 de aplicaci\u00f3n la legislaci\u00f3n espa\u00f1ola, a la que se someten expresamente las partes, siendo competentes para la resoluci\u00f3n de todos los conflictos derivados o relacionados con su uso los Juzgados y Tribunales de Madrid.<\/p>\t\t\t\t\t\t<\/div>\n\t\t\t\t<\/div>\n\t\t\t\t\t<\/div>\n\t\t\t\t<\/div>\n\t\t\t\t<\/div>\n\t\t","protected":false},"excerpt":{"rendered":"<p>Antes de utilizar nuestros servicios o funcionalidades es importante que leas esta Pol\u00edtica as\u00ed como las condiciones espec\u00edficas que regulan [&hellip;]<\/p>\n","protected":false},"author":1,"featured_media":0,"parent":0,"menu_order":0,"comment_status":"closed","ping_status":"closed","template":"elementor_header_footer","meta":{"site-sidebar-layout":"no-sidebar","site-content-layout":"","ast-site-content-layout":"full-width-container","site-content-style":"default","site-sidebar-style":"default","ast-global-header-display":"","ast-banner-title-visibility":"","ast-main-header-display":"","ast-hfb-above-header-display":"","ast-hfb-below-header-display":"","ast-hfb-mobile-header-display":"","site-post-title":"disabled","ast-breadcrumbs-content":"","ast-featured-img":"disabled","footer-sml-layout":"","theme-transparent-header-meta":"","adv-header-id-meta":"","stick-header-meta":"","header-above-stick-meta":"","header-main-stick-meta":"","header-below-stick-meta":"","astra-migrate-meta-layouts":"default","ast-page-background-enabled":"default","ast-page-background-meta":{"desktop":{"background-color":"var(--ast-global-color-4)","background-image":"","background-repeat":"repeat","background-position":"center center","background-size":"auto","background-attachment":"scroll","background-type":"","background-media":"","overlay-type":"","overlay-color":"","overlay-gradient":""},"tablet":{"background-color":"","background-image":"","background-repeat":"repeat","background-position":"center center","background-size":"auto","background-attachment":"scroll","background-type":"","background-media":"","overlay-type":"","overlay-color":"","overlay-gradient":""},"mobile":{"background-color":"","background-image":"","background-repeat":"repeat","background-position":"center center","background-size":"auto","background-attachment":"scroll","background-type":"","background-media":"","overlay-type":"","overlay-color":"","overlay-gradient":""}},"ast-content-background-meta":{"desktop":{"background-color":"var(--ast-global-color-5)","background-image":"","background-repeat":"repeat","background-position":"center center","background-size":"auto","background-attachment":"scroll","background-type":"","background-media":"","overlay-type":"","overlay-color":"","overlay-gradient":""},"tablet":{"background-color":"var(--ast-global-color-5)","background-image":"","background-repeat":"repeat","background-position":"center center","background-size":"auto","background-attachment":"scroll","background-type":"","background-media":"","overlay-type":"","overlay-color":"","overlay-gradient":""},"mobile":{"background-color":"var(--ast-global-color-5)","background-image":"","background-repeat":"repeat","background-position":"center center","background-size":"auto","background-attachment":"scroll","background-type":"","background-media":"","overlay-type":"","overlay-color":"","overlay-gradient":""}},"footnotes":""},"class_list":["post-120","page","type-page","status-publish","hentry"],"_links":{"self":[{"href":"https:\/\/mi-asistencia-carretera.com\/index.php?rest_route=\/wp\/v2\/pages\/120","targetHints":{"allow":["GET"]}}],"collection":[{"href":"https:\/\/mi-asistencia-carretera.com\/index.php?rest_route=\/wp\/v2\/pages"}],"about":[{"href":"https:\/\/mi-asistencia-carretera.com\/index.php?rest_route=\/wp\/v2\/types\/page"}],"author":[{"embeddable":true,"href":"https:\/\/mi-asistencia-carretera.com\/index.php?rest_route=\/wp\/v2\/users\/1"}],"replies":[{"embeddable":true,"href":"https:\/\/mi-asistencia-carretera.com\/index.php?rest_route=%2Fwp%2Fv2%2Fcomments&post=120"}],"version-history":[{"count":7,"href":"https:\/\/mi-asistencia-carretera.com\/index.php?rest_route=\/wp\/v2\/pages\/120\/revisions"}],"predecessor-version":[{"id":133,"href":"https:\/\/mi-asistencia-carretera.com\/index.php?rest_route=\/wp\/v2\/pages\/120\/revisions\/133"}],"wp:attachment":[{"href":"https:\/\/mi-asistencia-carretera.com\/index.php?rest_route=%2Fwp%2Fv2%2Fmedia&parent=120"}],"curies":[{"name":"wp","href":"https:\/\/api.w.org\/{rel}","templated":true}]}}